{"id":66,"date":"2024-10-30T17:29:46","date_gmt":"2024-10-30T16:29:46","guid":{"rendered":"http:\/\/localhost\/wordpress\/?page_id=66"},"modified":"2024-11-12T15:01:29","modified_gmt":"2024-11-12T14:01:29","slug":"strona-glowna","status":"publish","type":"page","link":"https:\/\/blopol.com\/","title":{"rendered":"Strona G\u0142\u00f3wna"},"content":{"rendered":"\t\t<div data-elementor-type=\"wp-page\" data-elementor-id=\"66\" class=\"elementor elementor-66\">\n\t\t\t\t<div class=\"elementor-element elementor-element-b755fa2 e-flex e-con-boxed e-con e-parent\" data-id=\"b755fa2\" data-element_type=\"container\">\n\t\t\t\t\t<div class=\"e-con-inner\">\n\t\t\t\t<div class=\"elementor-element elementor-element-4e7dea8 e-transform e-transform elementor-widget elementor-widget-heading\" data-id=\"4e7dea8\" data-element_type=\"widget\" data-settings=\"{&quot;_transform_translateX_effect_mobile&quot;:{&quot;unit&quot;:&quot;px&quot;,&quot;size&quot;:0,&quot;sizes&quot;:[]},&quot;_transform_translateY_effect_mobile&quot;:{&quot;unit&quot;:&quot;px&quot;,&quot;size&quot;:-60,&quot;sizes&quot;:[]},&quot;_transform_scale_effect_mobile&quot;:{&quot;unit&quot;:&quot;px&quot;,&quot;size&quot;:0.9,&quot;sizes&quot;:[]},&quot;_transform_translateX_effect&quot;:{&quot;unit&quot;:&quot;px&quot;,&quot;size&quot;:&quot;&quot;,&quot;sizes&quot;:[]},&quot;_transform_translateX_effect_tablet&quot;:{&quot;unit&quot;:&quot;px&quot;,&quot;size&quot;:&quot;&quot;,&quot;sizes&quot;:[]},&quot;_transform_translateY_effect&quot;:{&quot;unit&quot;:&quot;px&quot;,&quot;size&quot;:&quot;&quot;,&quot;sizes&quot;:[]},&quot;_transform_translateY_effect_tablet&quot;:{&quot;unit&quot;:&quot;px&quot;,&quot;size&quot;:&quot;&quot;,&quot;sizes&quot;:[]},&quot;_transform_scale_effect&quot;:{&quot;unit&quot;:&quot;px&quot;,&quot;size&quot;:&quot;&quot;,&quot;sizes&quot;:[]},&quot;_transform_scale_effect_tablet&quot;:{&quot;unit&quot;:&quot;px&quot;,&quot;size&quot;:&quot;&quot;,&quot;sizes&quot;:[]}}\" data-widget_type=\"heading.default\">\n\t\t\t\t<div class=\"elementor-widget-container\">\n\t\t\t\t\t<p class=\"elementor-heading-title elementor-size-default\"><p>Tw\u00f3j partner w mi\u0119dzynarodowym transporcie i spedycji towar\u00f3w.<\/p>\n\n<br>\n\n<!-- Sekcja O Nas -->\n<section id=\"o-nas\">\n    <h2>O Nas<\/h2>\n    <p>Jeste\u015bmy wiod\u0105c\u0105 firm\u0105 w bran\u017cy transportu i spedycji. Naszym celem jest dostarczanie najwy\u017cszej jako\u015bci us\u0142ug, kt\u00f3re spe\u0142niaj\u0105 potrzeby naszych klient\u00f3w. Zesp\u00f3\u0142 wykwalifikowanych specjalist\u00f3w dba o to, aby ka\u017cdy etap transportu odbywa\u0142 si\u0119 sprawnie i bezpiecznie.<\/p>\n    <p><a href=\"index.php\/o-nas\" class=\"cta-button\">Przeczytaj wi\u0119cej<\/a><\/p> <!-- Link do podstrony O Nas -->\n<\/section>\n\n<br>\n\n<!-- Sekcja Us\u0142ugi -->\n<section id=\"uslugi\">\n    <h2>Nasze Us\u0142ugi<\/h2>\n    <p>Oferujemy szerok\u0105 gam\u0119 us\u0142ug transportowych i spedycyjnych:<\/p>\n    <ul>\n        <li><strong>Spedycja i Transport:<\/strong> Kompleksowa obs\u0142uga transportu krajowego i mi\u0119dzynarodowego.<\/li>\n        <li><strong>Rezerwacja Prom\u00f3w:<\/strong> Szybka i wygodna rezerwacja miejsc na promach.<\/li>\n        <li><strong>Tabor:<\/strong> Nowoczesna flota pojazd\u00f3w dostosowanych do r\u00f3\u017cnorodnych potrzeb.<\/li>\n    <\/ul>\n    <p><a href=\"index.php\/spedycja-i-transport\" class=\"cta-button\">Spedycja i Transport<\/a><\/p>\n    <p><a href=\"index.php\/rezerwacja-promow\" class=\"cta-button\">Rezerwacja Prom\u00f3w<\/a><\/p>\n    <p><a href=\"index.php\/tabor\" class=\"cta-button\">Zobacz nasz\u0105 flot\u0119<\/a><\/p>\n<\/section>\n\n<br>\n\n<!-- Sekcja Kontakt -->\n<section id=\"kontakt\">\n    <h2>Skontaktuj si\u0119 z nami<\/h2>\n    <p>Chcesz dowiedzie\u0107 si\u0119 wi\u0119cej? Skontaktuj si\u0119 z nami, aby uzyska\u0107 wi\u0119cej informacji na temat naszych us\u0142ug!<\/p>\n    <p><strong>Telefon:<\/strong> 502 519 483<\/p>\n    <p><strong>E-mail:<\/strong> <a href=\"mailto:blopol-sped@wp.pl\">blopol-sped@wp.pl<\/a><\/p>\n    <p><a href=\"index.php\/kontakt\" class=\"cta-button\">Skontaktuj si\u0119 z nami<\/a><\/p> <!-- Link do podstrony Kontakt -->\n<\/section><\/p>\t\t\t\t<\/div>\n\t\t\t\t<\/div>\n\t\t\t\t<div class=\"elementor-element elementor-element-523b41d e-transform e-transform elementor-widget-divider--view-line elementor-widget elementor-widget-divider\" data-id=\"523b41d\" data-element_type=\"widget\" data-settings=\"{&quot;_transform_translateY_effect_mobile&quot;:{&quot;unit&quot;:&quot;px&quot;,&quot;size&quot;:-121,&quot;sizes&quot;:[]},&quot;_transform_scale_effect_mobile&quot;:{&quot;unit&quot;:&quot;px&quot;,&quot;size&quot;:0.9,&quot;sizes&quot;:[]},&quot;_transform_translateX_effect&quot;:{&quot;unit&quot;:&quot;px&quot;,&quot;size&quot;:&quot;&quot;,&quot;sizes&quot;:[]},&quot;_transform_translateX_effect_tablet&quot;:{&quot;unit&quot;:&quot;px&quot;,&quot;size&quot;:&quot;&quot;,&quot;sizes&quot;:[]},&quot;_transform_translateX_effect_mobile&quot;:{&quot;unit&quot;:&quot;px&quot;,&quot;size&quot;:&quot;&quot;,&quot;sizes&quot;:[]},&quot;_transform_translateY_effect&quot;:{&quot;unit&quot;:&quot;px&quot;,&quot;size&quot;:&quot;&quot;,&quot;sizes&quot;:[]},&quot;_transform_translateY_effect_tablet&quot;:{&quot;unit&quot;:&quot;px&quot;,&quot;size&quot;:&quot;&quot;,&quot;sizes&quot;:[]},&quot;_transform_scale_effect&quot;:{&quot;unit&quot;:&quot;px&quot;,&quot;size&quot;:&quot;&quot;,&quot;sizes&quot;:[]},&quot;_transform_scale_effect_tablet&quot;:{&quot;unit&quot;:&quot;px&quot;,&quot;size&quot;:&quot;&quot;,&quot;sizes&quot;:[]}}\" data-widget_type=\"divider.default\">\n\t\t\t\t<div class=\"elementor-widget-container\">\n\t\t\t\t\t\t\t<div class=\"elementor-divider\">\n\t\t\t<span class=\"elementor-divider-separator\">\n\t\t\t\t\t\t<\/span>\n\t\t<\/div>\n\t\t\t\t\t\t<\/div>\n\t\t\t\t<\/div>\n\t\t\t\t<div class=\"elementor-element elementor-element-ecb2aad e-transform e-transform elementor-widget elementor-widget-image\" data-id=\"ecb2aad\" data-element_type=\"widget\" data-settings=\"{&quot;_transform_translateY_effect_mobile&quot;:{&quot;unit&quot;:&quot;px&quot;,&quot;size&quot;:-145,&quot;sizes&quot;:[]},&quot;_transform_scale_effect_mobile&quot;:{&quot;unit&quot;:&quot;px&quot;,&quot;size&quot;:0.9,&quot;sizes&quot;:[]},&quot;_transform_translateX_effect&quot;:{&quot;unit&quot;:&quot;px&quot;,&quot;size&quot;:&quot;&quot;,&quot;sizes&quot;:[]},&quot;_transform_translateX_effect_tablet&quot;:{&quot;unit&quot;:&quot;px&quot;,&quot;size&quot;:&quot;&quot;,&quot;sizes&quot;:[]},&quot;_transform_translateX_effect_mobile&quot;:{&quot;unit&quot;:&quot;px&quot;,&quot;size&quot;:&quot;&quot;,&quot;sizes&quot;:[]},&quot;_transform_translateY_effect&quot;:{&quot;unit&quot;:&quot;px&quot;,&quot;size&quot;:&quot;&quot;,&quot;sizes&quot;:[]},&quot;_transform_translateY_effect_tablet&quot;:{&quot;unit&quot;:&quot;px&quot;,&quot;size&quot;:&quot;&quot;,&quot;sizes&quot;:[]},&quot;_transform_scale_effect&quot;:{&quot;unit&quot;:&quot;px&quot;,&quot;size&quot;:&quot;&quot;,&quot;sizes&quot;:[]},&quot;_transform_scale_effect_tablet&quot;:{&quot;unit&quot;:&quot;px&quot;,&quot;size&quot;:&quot;&quot;,&quot;sizes&quot;:[]}}\" data-widget_type=\"image.default\">\n\t\t\t\t<div class=\"elementor-widget-container\">\n\t\t\t\t\t\t\t\t\t\t\t\t\t\t\t<img fetchpriority=\"high\" decoding=\"async\" width=\"1024\" height=\"618\" src=\"https:\/\/blopol.com\/wp-content\/uploads\/2024\/11\/ocean-statek-towarowy-1024x618.jpg\" class=\"attachment-large size-large wp-image-229\" alt=\"\" srcset=\"https:\/\/blopol.com\/wp-content\/uploads\/2024\/11\/ocean-statek-towarowy-1024x618.jpg 1024w, https:\/\/blopol.com\/wp-content\/uploads\/2024\/11\/ocean-statek-towarowy-300x181.jpg 300w, https:\/\/blopol.com\/wp-content\/uploads\/2024\/11\/ocean-statek-towarowy-768x463.jpg 768w, https:\/\/blopol.com\/wp-content\/uploads\/2024\/11\/ocean-statek-towarowy.jpg 1200w\" sizes=\"(max-width: 1024px) 100vw, 1024px\" \/>\t\t\t\t\t\t\t\t\t\t\t\t\t\t\t<\/div>\n\t\t\t\t<\/div>\n\t\t\t\t\t<\/div>\n\t\t\t\t<\/div>\n\t\t\t\t<\/div>\n\t\t","protected":false},"excerpt":{"rendered":"<p>Tw\u00f3j partner w mi\u0119dzynarodowym transporcie i spedycji towar\u00f3w. O Nas Jeste\u015bmy wiod\u0105c\u0105 firm\u0105 w bran\u017cy transportu i spedycji. Naszym celem jest dostarczanie najwy\u017cszej jako\u015bci us\u0142ug, kt\u00f3re spe\u0142niaj\u0105 potrzeby naszych klient\u00f3w. Zesp\u00f3\u0142 wykwalifikowanych specjalist\u00f3w dba o to, aby ka\u017cdy etap transportu odbywa\u0142 si\u0119 sprawnie i bezpiecznie. Przeczytaj wi\u0119cej Nasze Us\u0142ugi Oferujemy szerok\u0105 gam\u0119 us\u0142ug transportowych i&hellip; <br \/> <a class=\"read-more\" href=\"https:\/\/blopol.com\/\">Dowiedz si\u0119 wi\u0119cej<\/a><\/p>\n","protected":false},"author":1,"featured_media":0,"parent":0,"menu_order":1,"comment_status":"closed","ping_status":"closed","template":"","meta":{"footnotes":""},"class_list":["post-66","page","type-page","status-publish","hentry"],"_links":{"self":[{"href":"https:\/\/blopol.com\/index.php\/wp-json\/wp\/v2\/pages\/66","targetHints":{"allow":["GET"]}}],"collection":[{"href":"https:\/\/blopol.com\/index.php\/wp-json\/wp\/v2\/pages"}],"about":[{"href":"https:\/\/blopol.com\/index.php\/wp-json\/wp\/v2\/types\/page"}],"author":[{"embeddable":true,"href":"https:\/\/blopol.com\/index.php\/wp-json\/wp\/v2\/users\/1"}],"replies":[{"embeddable":true,"href":"https:\/\/blopol.com\/index.php\/wp-json\/wp\/v2\/comments?post=66"}],"version-history":[{"count":18,"href":"https:\/\/blopol.com\/index.php\/wp-json\/wp\/v2\/pages\/66\/revisions"}],"predecessor-version":[{"id":303,"href":"https:\/\/blopol.com\/index.php\/wp-json\/wp\/v2\/pages\/66\/revisions\/303"}],"wp:attachment":[{"href":"https:\/\/blopol.com\/index.php\/wp-json\/wp\/v2\/media?parent=66"}],"curies":[{"name":"wp","href":"https:\/\/api.w.org\/{rel}","templated":true}]}}