{"id":26,"date":"2024-10-30T16:14:15","date_gmt":"2024-10-30T15:14:15","guid":{"rendered":"http:\/\/localhost\/wordpress\/?page_id=26"},"modified":"2024-11-14T19:16:47","modified_gmt":"2024-11-14T18:16:47","slug":"rezerwacja-promow","status":"publish","type":"page","link":"https:\/\/blopol.com\/index.php\/rezerwacja-promow\/","title":{"rendered":"Rezerwacja Prom\u00f3w"},"content":{"rendered":"\t\t<div data-elementor-type=\"wp-page\" data-elementor-id=\"26\" class=\"elementor elementor-26\">\n\t\t\t\t<div class=\"elementor-element elementor-element-1aeb4b0c e-flex e-con-boxed e-con e-parent\" data-id=\"1aeb4b0c\" data-element_type=\"container\">\n\t\t\t\t\t<div class=\"e-con-inner\">\n\t\t\t\t<div class=\"elementor-element elementor-element-410509f5 elementor-widget elementor-widget-text-editor\" data-id=\"410509f5\" data-element_type=\"widget\" data-widget_type=\"text-editor.default\">\n\t\t\t\t<div class=\"elementor-widget-container\">\n\t\t\t\t\t\t\t\t\t<p><!-- Sekcja Rezerwacja Prom\u00f3w --><\/p><section id=\"rezerwacja-promow\">Umo\u017cliwiamy \u0142atw\u0105 i szybk\u0105 rezerwacj\u0119 miejsc na promach. Dzi\u0119ki wsp\u00f3\u0142pracy z czo\u0142owymi operatorami promowymi, oferujemy konkurencyjne ceny i elastyczne opcje przewozu.<\/section><section id=\"rezerwacja-promow\"><p>Wsp\u00f3\u0142pracujemy z wiod\u0105cymi operatorami promowymi, aby zaoferowa\u0107 naszym klientom mo\u017cliwo\u015b\u0107 \u0142atwej i wygodnej rezerwacji prom\u00f3w na r\u00f3\u017cne trasy europejskie. Niezale\u017cnie od tego, czy potrzebujesz miejsca na promie dla samochodu ci\u0119\u017carowego, czy dla samochodu osobowego, zapewniamy elastyczne terminy i konkurencyjne ceny.<\/p><p>\u00a0<\/p><h2>Dlaczego Warto Skorzysta\u0107 z Naszej Rezerwacji?<\/h2><p>Oferujemy wsparcie w wyborze najlepszego po\u0142\u0105czenia promowego, optymalizuj\u0105c czas podr\u00f3\u017cy oraz koszty. Nasze us\u0142ugi rezerwacyjne s\u0105 szybkie i bezpieczne, a zesp\u00f3\u0142 doradc\u00f3w jest zawsze gotowy, aby odpowiedzie\u0107 na Twoje pytania i pom\u00f3c w dopasowaniu terminu oraz trasy do Twoich potrzeb.<\/p><p>\u00a0<\/p><h2>Proces Rezerwacji Promu<\/h2><ol><li>Wybierz tras\u0119 i termin podr\u00f3\u017cy.<\/li><li>Skontaktuj si\u0119 z naszym biurem telefonicznie lub wype\u0142nij formularz rezerwacyjny poni\u017cej.<\/li><li>Otrzymasz potwierdzenie rezerwacji oraz szczeg\u00f3\u0142y dotycz\u0105ce odprawy.<\/li><\/ol><p>\u00a0<\/p><h2>Formularz Rezerwacyjny<\/h2><p>Wype\u0142nij poni\u017cszy formularz, aby zarezerwowa\u0107 miejsce na promie:<\/p><\/section>\t\t\t\t\t\t\t\t<\/div>\n\t\t\t\t<\/div>\n\t\t\t\t<div class=\"elementor-element elementor-element-5392412 elementor-widget elementor-widget-wpforms\" data-id=\"5392412\" data-element_type=\"widget\" data-widget_type=\"wpforms.default\">\n\t\t\t\t<div class=\"elementor-widget-container\">\n\t\t\t\t\t<style id=\"wpforms-css-vars-root\">\n\t\t\t\t:root {\n\t\t\t\t\t--wpforms-field-border-radius: 3px;\n--wpforms-field-border-style: solid;\n--wpforms-field-border-size: 1px;\n--wpforms-field-background-color: #ffffff;\n--wpforms-field-border-color: rgba( 0, 0, 0, 0.25 );\n--wpforms-field-border-color-spare: rgba( 0, 0, 0, 0.25 );\n--wpforms-field-text-color: rgba( 0, 0, 0, 0.7 );\n--wpforms-field-menu-color: #ffffff;\n--wpforms-label-color: rgba( 0, 0, 0, 0.85 );\n--wpforms-label-sublabel-color: rgba( 0, 0, 0, 0.55 );\n--wpforms-label-error-color: #d63637;\n--wpforms-button-border-radius: 3px;\n--wpforms-button-border-style: none;\n--wpforms-button-border-size: 1px;\n--wpforms-button-background-color: #066aab;\n--wpforms-button-border-color: #066aab;\n--wpforms-button-text-color: #ffffff;\n--wpforms-page-break-color: #066aab;\n--wpforms-background-image: none;\n--wpforms-background-position: center center;\n--wpforms-background-repeat: no-repeat;\n--wpforms-background-size: cover;\n--wpforms-background-width: 100px;\n--wpforms-background-height: 100px;\n--wpforms-background-color: rgba( 0, 0, 0, 0 );\n--wpforms-background-url: none;\n--wpforms-container-padding: 0px;\n--wpforms-container-border-style: none;\n--wpforms-container-border-width: 1px;\n--wpforms-container-border-color: #000000;\n--wpforms-container-border-radius: 3px;\n--wpforms-field-size-input-height: 43px;\n--wpforms-field-size-input-spacing: 15px;\n--wpforms-field-size-font-size: 16px;\n--wpforms-field-size-line-height: 19px;\n--wpforms-field-size-padding-h: 14px;\n--wpforms-field-size-checkbox-size: 16px;\n--wpforms-field-size-sublabel-spacing: 5px;\n--wpforms-field-size-icon-size: 1;\n--wpforms-label-size-font-size: 16px;\n--wpforms-label-size-line-height: 19px;\n--wpforms-label-size-sublabel-font-size: 14px;\n--wpforms-label-size-sublabel-line-height: 17px;\n--wpforms-button-size-font-size: 17px;\n--wpforms-button-size-height: 41px;\n--wpforms-button-size-padding-h: 15px;\n--wpforms-button-size-margin-top: 10px;\n--wpforms-container-shadow-size-box-shadow: none;\n\n\t\t\t\t}\n\t\t\t<\/style><style id=\"wpforms-css-vars-elementor-widget-5392412\">\n\t\t\t\t.elementor-widget-wpforms.elementor-element-5392412 {\n\t\t\t\t\t--wpforms-field-size-input-height: 43px;\n--wpforms-field-size-input-spacing: 15px;\n--wpforms-field-size-font-size: 16px;\n--wpforms-field-size-line-height: 19px;\n--wpforms-field-size-padding-h: 14px;\n--wpforms-field-size-checkbox-size: 16px;\n--wpforms-field-size-sublabel-spacing: 5px;\n--wpforms-field-size-icon-size: 1;\n--wpforms-label-size-font-size: 16px;\n--wpforms-label-size-line-height: 19px;\n--wpforms-label-size-sublabel-font-size: 14px;\n--wpforms-label-size-sublabel-line-height: 17px;\n--wpforms-button-size-font-size: 17px;\n--wpforms-button-size-height: 41px;\n--wpforms-button-size-padding-h: 15px;\n--wpforms-button-size-margin-top: 10px;\n\n\t\t\t\t}\n\t\t\t<\/style><div class=\"wpforms-container wpforms-container-full wpforms-render-modern\" id=\"wpforms-175\"><form id=\"wpforms-form-175\" class=\"wpforms-validate wpforms-form wpforms-ajax-form\" data-formid=\"175\" method=\"post\" enctype=\"multipart\/form-data\" action=\"\/index.php\/wp-json\/wp\/v2\/pages\/26\" data-token=\"0b3f162b3c56ed29751e02cc227355c3\" data-token-time=\"1775277803\"><noscript class=\"wpforms-error-noscript\">Aby wype\u0142ni\u0107 ten formularz, w\u0142\u0105cz obs\u0142ug\u0119 JavaScript w przegl\u0105darce.<\/noscript><div class=\"wpforms-hidden\" id=\"wpforms-error-noscript\">Aby wype\u0142ni\u0107 ten formularz, w\u0142\u0105cz obs\u0142ug\u0119 JavaScript w przegl\u0105darce.<\/div><div class=\"wpforms-field-container\"><div id=\"wpforms-175-field_1-container\" class=\"wpforms-field wpforms-field-name\" data-field-id=\"1\"><fieldset><legend class=\"wpforms-field-label\">Imi\u0119 i nazwisko <span class=\"wpforms-required-label\" aria-hidden=\"true\">*<\/span><\/legend><div class=\"wpforms-field-row wpforms-field-medium\"><div class=\"wpforms-field-row-block wpforms-first wpforms-one-half\"><input type=\"text\" id=\"wpforms-175-field_1\" class=\"wpforms-field-name-first wpforms-field-required\" name=\"wpforms[fields][1][first]\" aria-errormessage=\"wpforms-175-field_1-error\" required><label for=\"wpforms-175-field_1\" class=\"wpforms-field-sublabel after\">Imi\u0119<\/label><\/div><div class=\"wpforms-field-row-block wpforms-one-half\"><input type=\"text\" id=\"wpforms-175-field_1-last\" class=\"wpforms-field-name-last wpforms-field-required\" name=\"wpforms[fields][1][last]\" aria-errormessage=\"wpforms-175-field_1-last-error\" required><label for=\"wpforms-175-field_1-last\" class=\"wpforms-field-sublabel after\">Nazwisko<\/label><\/div><\/div><\/fieldset><\/div><div id=\"wpforms-175-field_2-container\" class=\"wpforms-field wpforms-field-email\" data-field-id=\"2\"><label class=\"wpforms-field-label\" for=\"wpforms-175-field_2\">Adres e-mail <span class=\"wpforms-required-label\" aria-hidden=\"true\">*<\/span><\/label><input type=\"email\" id=\"wpforms-175-field_2\" class=\"wpforms-field-medium wpforms-field-required\" name=\"wpforms[fields][2]\" spellcheck=\"false\" aria-errormessage=\"wpforms-175-field_2-error\" required><\/div><div id=\"wpforms-175-field_3-container\" class=\"wpforms-field wpforms-field-text\" data-field-id=\"3\"><label class=\"wpforms-field-label\" for=\"wpforms-175-field_3\">Trasa: <span class=\"wpforms-required-label\" aria-hidden=\"true\">*<\/span><\/label><input type=\"text\" id=\"wpforms-175-field_3\" class=\"wpforms-field-medium wpforms-field-required\" name=\"wpforms[fields][3]\" aria-errormessage=\"wpforms-175-field_3-error\" required><\/div><div id=\"wpforms-175-field_4-container\" class=\"wpforms-field wpforms-field-text\" data-field-id=\"4\"><label class=\"wpforms-field-label\" for=\"wpforms-175-field_4\">Data podr\u00f3\u017cy: <span class=\"wpforms-required-label\" aria-hidden=\"true\">*<\/span><\/label><input type=\"text\" id=\"wpforms-175-field_4\" class=\"wpforms-field-medium wpforms-field-required\" name=\"wpforms[fields][4]\" aria-errormessage=\"wpforms-175-field_4-error\" required><\/div><\/div><!-- .wpforms-field-container --><div class=\"wpforms-submit-container\" ><input type=\"hidden\" name=\"wpforms[id]\" value=\"175\"><input type=\"hidden\" name=\"page_title\" value=\"\"><input type=\"hidden\" name=\"page_url\" value=\"https:\/\/blopol.com\/index.php\/wp-json\/wp\/v2\/pages\/26\"><button type=\"submit\" name=\"wpforms[submit]\" id=\"wpforms-submit-175\" class=\"wpforms-submit\" data-alt-text=\"Wysy\u0142anie...\" data-submit-text=\"Prze\u015blij\" aria-live=\"assertive\" value=\"wpforms-submit\">Prze\u015blij<\/button><img decoding=\"async\" src=\"https:\/\/blopol.com\/wp-content\/plugins\/wpforms-lite\/assets\/images\/submit-spin.svg\" class=\"wpforms-submit-spinner\" style=\"display: none;\" width=\"26\" height=\"26\" alt=\"Wczytywanie\"><\/div><\/form><\/div>  <!-- .wpforms-container -->\t\t\t\t<\/div>\n\t\t\t\t<\/div>\n\t\t\t\t<div class=\"elementor-element elementor-element-db053ba elementor-widget-divider--view-line elementor-widget elementor-widget-divider\" data-id=\"db053ba\" data-element_type=\"widget\" data-widget_type=\"divider.default\">\n\t\t\t\t<div class=\"elementor-widget-container\">\n\t\t\t\t\t\t\t<div class=\"elementor-divider\">\n\t\t\t<span class=\"elementor-divider-separator\">\n\t\t\t\t\t\t<\/span>\n\t\t<\/div>\n\t\t\t\t\t\t<\/div>\n\t\t\t\t<\/div>\n\t\t\t\t<div class=\"elementor-element elementor-element-b96b18e elementor-widget elementor-widget-image\" data-id=\"b96b18e\" data-element_type=\"widget\" data-widget_type=\"image.default\">\n\t\t\t\t<div class=\"elementor-widget-container\">\n\t\t\t\t\t\t\t\t\t\t\t\t\t\t\t<img fetchpriority=\"high\" decoding=\"async\" width=\"1024\" height=\"340\" src=\"https:\/\/blopol.com\/wp-content\/uploads\/2024\/11\/image-34-1024x340.png\" class=\"attachment-large size-large wp-image-203\" alt=\"\" srcset=\"https:\/\/blopol.com\/wp-content\/uploads\/2024\/11\/image-34-1024x340.png 1024w, https:\/\/blopol.com\/wp-content\/uploads\/2024\/11\/image-34-300x100.png 300w, https:\/\/blopol.com\/wp-content\/uploads\/2024\/11\/image-34-768x255.png 768w, https:\/\/blopol.com\/wp-content\/uploads\/2024\/11\/image-34.png 1044w\" sizes=\"(max-width: 1024px) 100vw, 1024px\" \/>\t\t\t\t\t\t\t\t\t\t\t\t\t\t\t<\/div>\n\t\t\t\t<\/div>\n\t\t\t\t\t<\/div>\n\t\t\t\t<\/div>\n\t\t\t\t<\/div>\n\t\t","protected":false},"excerpt":{"rendered":"<p>Umo\u017cliwiamy \u0142atw\u0105 i szybk\u0105 rezerwacj\u0119 miejsc na promach. Dzi\u0119ki wsp\u00f3\u0142pracy z czo\u0142owymi operatorami promowymi, oferujemy konkurencyjne ceny i elastyczne opcje przewozu. Wsp\u00f3\u0142pracujemy z wiod\u0105cymi operatorami promowymi, aby zaoferowa\u0107 naszym klientom mo\u017cliwo\u015b\u0107 \u0142atwej i wygodnej rezerwacji prom\u00f3w na r\u00f3\u017cne trasy europejskie. Niezale\u017cnie od tego, czy potrzebujesz miejsca na promie dla samochodu ci\u0119\u017carowego, czy dla samochodu osobowego,&hellip; <br \/> <a class=\"read-more\" href=\"https:\/\/blopol.com\/index.php\/rezerwacja-promow\/\">Dowiedz si\u0119 wi\u0119cej<\/a><\/p>\n","protected":false},"author":1,"featured_media":0,"parent":0,"menu_order":4,"comment_status":"closed","ping_status":"closed","template":"","meta":{"footnotes":""},"class_list":["post-26","page","type-page","status-publish","hentry"],"_links":{"self":[{"href":"https:\/\/blopol.com\/index.php\/wp-json\/wp\/v2\/pages\/26","targetHints":{"allow":["GET"]}}],"collection":[{"href":"https:\/\/blopol.com\/index.php\/wp-json\/wp\/v2\/pages"}],"about":[{"href":"https:\/\/blopol.com\/index.php\/wp-json\/wp\/v2\/types\/page"}],"author":[{"embeddable":true,"href":"https:\/\/blopol.com\/index.php\/wp-json\/wp\/v2\/users\/1"}],"replies":[{"embeddable":true,"href":"https:\/\/blopol.com\/index.php\/wp-json\/wp\/v2\/comments?post=26"}],"version-history":[{"count":18,"href":"https:\/\/blopol.com\/index.php\/wp-json\/wp\/v2\/pages\/26\/revisions"}],"predecessor-version":[{"id":320,"href":"https:\/\/blopol.com\/index.php\/wp-json\/wp\/v2\/pages\/26\/revisions\/320"}],"wp:attachment":[{"href":"https:\/\/blopol.com\/index.php\/wp-json\/wp\/v2\/media?parent=26"}],"curies":[{"name":"wp","href":"https:\/\/api.w.org\/{rel}","templated":true}]}}