{"id":24,"date":"2024-10-30T16:14:13","date_gmt":"2024-10-30T15:14:13","guid":{"rendered":"http:\/\/localhost\/wordpress\/?page_id=24"},"modified":"2024-11-14T19:16:33","modified_gmt":"2024-11-14T18:16:33","slug":"spedycja-i-transport","status":"publish","type":"page","link":"https:\/\/blopol.com\/index.php\/spedycja-i-transport\/","title":{"rendered":"Spedycja i Transport"},"content":{"rendered":"\t\t<div data-elementor-type=\"wp-page\" data-elementor-id=\"24\" class=\"elementor elementor-24\">\n\t\t\t\t<div class=\"elementor-element elementor-element-559f6623 e-flex e-con-boxed e-con e-parent\" data-id=\"559f6623\" data-element_type=\"container\">\n\t\t\t\t\t<div class=\"e-con-inner\">\n\t\t\t\t<div class=\"elementor-element elementor-element-2c9f1851 elementor-widget elementor-widget-text-editor\" data-id=\"2c9f1851\" data-element_type=\"widget\" data-widget_type=\"text-editor.default\">\n\t\t\t\t<div class=\"elementor-widget-container\">\n\t\t\t\t\t\t\t\t\t<p><!-- Sekcja Spedycja i Transport --><\/p><section id=\"spedycja-i-transport\"><p>Specjalizujemy si\u0119 w transporcie krajowym i mi\u0119dzynarodowym, oferuj\u0105c pe\u0142ne wsparcie logistyczne dla firm oraz klient\u00f3w indywidualnych. Nasze us\u0142ugi obejmuj\u0105 szerok\u0105 gam\u0119 rozwi\u0105za\u0144, kt\u00f3re s\u0105 dostosowane do potrzeb ka\u017cdego klienta, a tak\u017ce do specyficznych wymog\u00f3w przewo\u017conych towar\u00f3w. Dzi\u0119ki nowoczesnemu podej\u015bciu i dba\u0142o\u015bci o ka\u017cdy detal, zapewniamy skuteczne i bezpieczne us\u0142ugi transportowe.<\/p><p>Oferujemy kompleksowe us\u0142ugi w zakresie transportu i spedycji, dostosowane do potrzeb naszych klient\u00f3w.<\/p><p>\u00a0<\/p><h2>Nasze Us\u0142ugi Transportowe<\/h2><ul><li><strong>Transport Mi\u0119dzynarodowy:<\/strong> Organizujemy przewozy towar\u00f3w na terenie ca\u0142ej Europy. Nasi do\u015bwiadczeni kierowcy i nowoczesna flota umo\u017cliwiaj\u0105 szybk\u0105 dostaw\u0119, a system monitoringu GPS zapewnia pe\u0142n\u0105 kontrol\u0119 nad ka\u017cdym transportem.<\/li><li><strong>Transport Krajowy:<\/strong> Dla klient\u00f3w dzia\u0142aj\u0105cych na rynku krajowym oferujemy szybki i niezawodny transport towar\u00f3w na terenie ca\u0142ej Polski. Znamy lokalne przepisy i warunki, co pozwala nam na skuteczn\u0105 realizacj\u0119 ka\u017cdego zlecenia.<\/li><li><strong>Transport Specjalistyczny:<\/strong> Zajmujemy si\u0119 przewozem towar\u00f3w wymagaj\u0105cych specjalnych warunk\u00f3w, takich jak ch\u0142odnie czy transport \u0142adunk\u00f3w ponadgabarytowych. Gwarantujemy, \u017ce towary dotr\u0105 na miejsce w idealnym stanie.<\/li><\/ul><p>\u00a0<\/p><h2>Jak Dzia\u0142amy?<\/h2><p>Ka\u017cde zlecenie realizujemy wed\u0142ug sprawdzonego procesu logistycznego, kt\u00f3ry zaczyna si\u0119 od dok\u0142adnego planowania trasy i wyboru odpowiednich \u015brodk\u00f3w transportu. Dzi\u0119ki zastosowaniu nowoczesnych narz\u0119dzi zarz\u0105dzania \u0142a\u0144cuchem dostaw, mo\u017cemy \u015bledzi\u0107 ka\u017cdy etap transportu i na bie\u017c\u0105co dostosowywa\u0107 nasze dzia\u0142ania do warunk\u00f3w drogowych, pogodowych oraz wymaga\u0144 klienta.<\/p><p>\u00a0<\/p><h2>Bezpiecze\u0144stwo i Terminowo\u015b\u0107<\/h2><p>Bezpiecze\u0144stwo to priorytet, dlatego dbamy o regularne przegl\u0105dy naszej floty oraz przestrzegamy najwy\u017cszych standard\u00f3w w zakresie bezpiecze\u0144stwa drogowego. Nasze pojazdy s\u0105 wyposa\u017cone w nowoczesne systemy monitoringu, kt\u00f3re umo\u017cliwiaj\u0105 nam \u015bledzenie ka\u017cdego transportu w czasie rzeczywistym. Gwarantujemy, \u017ce towary dotr\u0105 do celu na czas.<\/p><p>\u00a0<\/p><h2>Nasze Procesy<\/h2><p>Dbamy o ka\u017cdy etap procesu transportowego \u2013 od za\u0142adunku, przez transport, a\u017c po dostaw\u0119. Nasz zesp\u00f3\u0142 czuwa nad terminowo\u015bci\u0105 i bezpiecze\u0144stwem przewo\u017conych towar\u00f3w.<\/p><\/section>\t\t\t\t\t\t\t\t<\/div>\n\t\t\t\t<\/div>\n\t\t\t\t<div class=\"elementor-element elementor-element-9d89f9c elementor-widget-divider--view-line elementor-widget elementor-widget-divider\" data-id=\"9d89f9c\" data-element_type=\"widget\" data-widget_type=\"divider.default\">\n\t\t\t\t<div class=\"elementor-widget-container\">\n\t\t\t\t\t\t\t<div class=\"elementor-divider\">\n\t\t\t<span class=\"elementor-divider-separator\">\n\t\t\t\t\t\t<\/span>\n\t\t<\/div>\n\t\t\t\t\t\t<\/div>\n\t\t\t\t<\/div>\n\t\t\t\t<div class=\"elementor-element elementor-element-cd5f18a elementor-widget elementor-widget-image\" data-id=\"cd5f18a\" data-element_type=\"widget\" data-widget_type=\"image.default\">\n\t\t\t\t<div class=\"elementor-widget-container\">\n\t\t\t\t\t\t\t\t\t\t\t\t\t\t\t<img fetchpriority=\"high\" decoding=\"async\" width=\"1536\" height=\"534\" src=\"https:\/\/blopol.com\/wp-content\/uploads\/2024\/11\/transport_spedycja_02-1536x534.png\" class=\"attachment-1536x1536 size-1536x1536 wp-image-168\" alt=\"\" srcset=\"https:\/\/blopol.com\/wp-content\/uploads\/2024\/11\/transport_spedycja_02-1536x534.png 1536w, https:\/\/blopol.com\/wp-content\/uploads\/2024\/11\/transport_spedycja_02-300x104.png 300w, https:\/\/blopol.com\/wp-content\/uploads\/2024\/11\/transport_spedycja_02-1024x356.png 1024w, https:\/\/blopol.com\/wp-content\/uploads\/2024\/11\/transport_spedycja_02-768x267.png 768w, https:\/\/blopol.com\/wp-content\/uploads\/2024\/11\/transport_spedycja_02.png 1920w\" sizes=\"(max-width: 1536px) 100vw, 1536px\" \/>\t\t\t\t\t\t\t\t\t\t\t\t\t\t\t<\/div>\n\t\t\t\t<\/div>\n\t\t\t\t\t<\/div>\n\t\t\t\t<\/div>\n\t\t\t\t<\/div>\n\t\t","protected":false},"excerpt":{"rendered":"<p>Specjalizujemy si\u0119 w transporcie krajowym i mi\u0119dzynarodowym, oferuj\u0105c pe\u0142ne wsparcie logistyczne dla firm oraz klient\u00f3w indywidualnych. Nasze us\u0142ugi obejmuj\u0105 szerok\u0105 gam\u0119 rozwi\u0105za\u0144, kt\u00f3re s\u0105 dostosowane do potrzeb ka\u017cdego klienta, a tak\u017ce do specyficznych wymog\u00f3w przewo\u017conych towar\u00f3w. Dzi\u0119ki nowoczesnemu podej\u015bciu i dba\u0142o\u015bci o ka\u017cdy detal, zapewniamy skuteczne i bezpieczne us\u0142ugi transportowe. Oferujemy kompleksowe us\u0142ugi w zakresie&hellip; <br \/> <a class=\"read-more\" href=\"https:\/\/blopol.com\/index.php\/spedycja-i-transport\/\">Dowiedz si\u0119 wi\u0119cej<\/a><\/p>\n","protected":false},"author":1,"featured_media":0,"parent":0,"menu_order":3,"comment_status":"closed","ping_status":"closed","template":"","meta":{"footnotes":""},"class_list":["post-24","page","type-page","status-publish","hentry"],"_links":{"self":[{"href":"https:\/\/blopol.com\/index.php\/wp-json\/wp\/v2\/pages\/24","targetHints":{"allow":["GET"]}}],"collection":[{"href":"https:\/\/blopol.com\/index.php\/wp-json\/wp\/v2\/pages"}],"about":[{"href":"https:\/\/blopol.com\/index.php\/wp-json\/wp\/v2\/types\/page"}],"author":[{"embeddable":true,"href":"https:\/\/blopol.com\/index.php\/wp-json\/wp\/v2\/users\/1"}],"replies":[{"embeddable":true,"href":"https:\/\/blopol.com\/index.php\/wp-json\/wp\/v2\/comments?post=24"}],"version-history":[{"count":15,"href":"https:\/\/blopol.com\/index.php\/wp-json\/wp\/v2\/pages\/24\/revisions"}],"predecessor-version":[{"id":317,"href":"https:\/\/blopol.com\/index.php\/wp-json\/wp\/v2\/pages\/24\/revisions\/317"}],"wp:attachment":[{"href":"https:\/\/blopol.com\/index.php\/wp-json\/wp\/v2\/media?parent=24"}],"curies":[{"name":"wp","href":"https:\/\/api.w.org\/{rel}","templated":true}]}}