{"id":22,"date":"2024-10-30T16:14:31","date_gmt":"2024-10-30T15:14:31","guid":{"rendered":"http:\/\/localhost\/wordpress\/?page_id=22"},"modified":"2024-11-18T21:21:45","modified_gmt":"2024-11-18T20:21:45","slug":"tabor","status":"publish","type":"page","link":"https:\/\/blopol.com\/index.php\/tabor\/","title":{"rendered":"Tabor"},"content":{"rendered":"\t\t<div data-elementor-type=\"wp-page\" data-elementor-id=\"22\" class=\"elementor elementor-22\">\n\t\t\t\t<div class=\"elementor-element elementor-element-6e2a1535 e-flex e-con-boxed e-con e-parent\" data-id=\"6e2a1535\" data-element_type=\"container\">\n\t\t\t\t\t<div class=\"e-con-inner\">\n\t\t\t\t<div class=\"elementor-element elementor-element-23465bf6 elementor-widget elementor-widget-text-editor\" data-id=\"23465bf6\" data-element_type=\"widget\" data-widget_type=\"text-editor.default\">\n\t\t\t\t<div class=\"elementor-widget-container\">\n\t\t\t\t\t\t\t\t\t<section id=\"tabor\"><h1>Nasza Flota<\/h1><p>Nasza flota sk\u0142ada si\u0119 z nowoczesnych pojazd\u00f3w i jednostek wodnych, kt\u00f3re umo\u017cliwiaj\u0105 transport towar\u00f3w r\u00f3\u017cnymi drogami \u2013 zar\u00f3wno l\u0105dowymi, jak i wodnymi. Dbamy o regularne przegl\u0105dy techniczne oraz inwestujemy w najnowsze rozwi\u0105zania technologiczne, aby zapewni\u0107 bezpiecze\u0144stwo przewo\u017conych towar\u00f3w oraz spe\u0142nia\u0107 wysokie wymagania naszych klient\u00f3w.<\/p><h2>Rodzaje Pojazd\u00f3w w Naszej Flocie<\/h2><ul><li><strong>Ci\u0119\u017car\u00f3wki:<\/strong> Nasze ci\u0119\u017car\u00f3wki spe\u0142niaj\u0105 najwy\u017csze standardy jako\u015bci i bezpiecze\u0144stwa. Posiadamy r\u00f3\u017cne rodzaje naczep, kt\u00f3re pozwalaj\u0105 na przew\u00f3z towar\u00f3w o r\u00f3\u017cnych gabarytach i w\u0142a\u015bciwo\u015bciach.<\/li><li><strong>Samochody Dostawcze:<\/strong> Dla mniejszych zlece\u0144 oferujemy wygodne samochody dostawcze, kt\u00f3re doskonale sprawdzaj\u0105 si\u0119 w szybkim transporcie na kr\u00f3tszych dystansach.<\/li><li><strong>Ch\u0142odnie:<\/strong> Posiadamy ch\u0142odnie umo\u017cliwiaj\u0105ce transport towar\u00f3w wymagaj\u0105cych kontrolowanej temperatury, takich jak produkty spo\u017cywcze, leki czy inne towary wymagaj\u0105ce specjalnych warunk\u00f3w.<\/li><li><strong>Pojazdy Specjalistyczne:<\/strong> Oferujemy r\u00f3wnie\u017c pojazdy przystosowane do przewozu towar\u00f3w ponadgabarytowych, kt\u00f3re wymagaj\u0105 dodatkowych zabezpiecze\u0144 oraz odpowiednich zezwole\u0144.<\/li><li><strong>\u0141odzie Transportowe:<\/strong> Dzi\u0119ki naszej flocie \u0142odzi, oferujemy mo\u017cliwo\u015b\u0107 transportu drog\u0105 wodn\u0105 na wybranych trasach. Nasze \u0142odzie s\u0105 idealne do transportu towar\u00f3w w obr\u0119bie port\u00f3w lub w miejscach, gdzie transport l\u0105dowy mo\u017ce by\u0107 ograniczony. To doskona\u0142e rozwi\u0105zanie dla klient\u00f3w poszukuj\u0105cych elastyczno\u015bci i szybszych termin\u00f3w dostaw na okre\u015blonych trasach.<\/li><\/ul><h2>Galeria Floty<\/h2><p>Zapoznaj si\u0119 z wybranymi pojazdami i jednostkami z naszej floty:<\/p><p><img decoding=\"async\" class=\"\" style=\"width: 200px; height: 137px;\" src=\"https:\/\/truck-van.pl\/wp-content\/uploads\/2023\/09\/DBK1.jpg\" alt=\"Ci\u0119\u017car\u00f3wka\" \/><img decoding=\"async\" class=\"\" style=\"width: 200px; height: 137px;\" src=\"https:\/\/a.allegroimg.com\/original\/11bc4c\/ed0a74ad4f7b9799776c91ee4f0e\/Iveco-Daily-70C18-samochod-dostawczy-kontener-3-3-t-180-KM-2018\" alt=\"Samoch\u00f3d dostawczy\" \/><img decoding=\"async\" class=\"\" style=\"width: 200px; height: 136px;\" src=\"https:\/\/lamar.com.pl\/wp-content\/uploads\/2017\/01\/opel-movano-z-winda-zabudowa-kontenerowa-agregat-8.jpg\" alt=\"Ch\u0142odnia\" \/><img decoding=\"async\" class=\"\" style=\"width: 200px; height: 134px;\" src=\"https:\/\/studios7.pl\/sea\/boat\/boat\/images\/IMG_7316.jpg\" alt=\"\u0141\u00f3d\u017a transportowa\" \/><\/p><p>Ka\u017cdy pojazd i jednostka wodna w naszej flocie jest regularnie serwisowana i wyposa\u017cona w nowoczesne technologie, co pozwala na pe\u0142ne monitorowanie trasy oraz zapewnia bezpiecze\u0144stwo przewo\u017conych towar\u00f3w.<\/p><\/section>\t\t\t\t\t\t\t\t<\/div>\n\t\t\t\t<\/div>\n\t\t\t\t<div class=\"elementor-element elementor-element-41007c4 elementor-widget-divider--view-line elementor-widget elementor-widget-divider\" data-id=\"41007c4\" data-element_type=\"widget\" data-widget_type=\"divider.default\">\n\t\t\t\t<div class=\"elementor-widget-container\">\n\t\t\t\t\t\t\t<div class=\"elementor-divider\">\n\t\t\t<span class=\"elementor-divider-separator\">\n\t\t\t\t\t\t<\/span>\n\t\t<\/div>\n\t\t\t\t\t\t<\/div>\n\t\t\t\t<\/div>\n\t\t\t\t<div class=\"elementor-element elementor-element-96f4298 elementor-widget elementor-widget-image\" data-id=\"96f4298\" data-element_type=\"widget\" data-widget_type=\"image.default\">\n\t\t\t\t<div class=\"elementor-widget-container\">\n\t\t\t\t\t\t\t\t\t\t\t\t\t\t\t<img fetchpriority=\"high\" decoding=\"async\" width=\"800\" height=\"450\" src=\"https:\/\/blopol.com\/wp-content\/uploads\/2024\/11\/exlibra-spedycja.png\" class=\"attachment-large size-large wp-image-211\" alt=\"\" srcset=\"https:\/\/blopol.com\/wp-content\/uploads\/2024\/11\/exlibra-spedycja.png 800w, https:\/\/blopol.com\/wp-content\/uploads\/2024\/11\/exlibra-spedycja-300x169.png 300w, https:\/\/blopol.com\/wp-content\/uploads\/2024\/11\/exlibra-spedycja-768x432.png 768w\" sizes=\"(max-width: 800px) 100vw, 800px\" \/>\t\t\t\t\t\t\t\t\t\t\t\t\t\t\t<\/div>\n\t\t\t\t<\/div>\n\t\t\t\t\t<\/div>\n\t\t\t\t<\/div>\n\t\t\t\t<\/div>\n\t\t","protected":false},"excerpt":{"rendered":"<p>Nasza Flota Nasza flota sk\u0142ada si\u0119 z nowoczesnych pojazd\u00f3w i jednostek wodnych, kt\u00f3re umo\u017cliwiaj\u0105 transport towar\u00f3w r\u00f3\u017cnymi drogami \u2013 zar\u00f3wno l\u0105dowymi, jak i wodnymi. Dbamy o regularne przegl\u0105dy techniczne oraz inwestujemy w najnowsze rozwi\u0105zania technologiczne, aby zapewni\u0107 bezpiecze\u0144stwo przewo\u017conych towar\u00f3w oraz spe\u0142nia\u0107 wysokie wymagania naszych klient\u00f3w. Rodzaje Pojazd\u00f3w w Naszej Flocie Ci\u0119\u017car\u00f3wki: Nasze ci\u0119\u017car\u00f3wki spe\u0142niaj\u0105&hellip; <br \/> <a class=\"read-more\" href=\"https:\/\/blopol.com\/index.php\/tabor\/\">Dowiedz si\u0119 wi\u0119cej<\/a><\/p>\n","protected":false},"author":1,"featured_media":0,"parent":0,"menu_order":5,"comment_status":"closed","ping_status":"closed","template":"","meta":{"footnotes":""},"class_list":["post-22","page","type-page","status-publish","hentry"],"_links":{"self":[{"href":"https:\/\/blopol.com\/index.php\/wp-json\/wp\/v2\/pages\/22","targetHints":{"allow":["GET"]}}],"collection":[{"href":"https:\/\/blopol.com\/index.php\/wp-json\/wp\/v2\/pages"}],"about":[{"href":"https:\/\/blopol.com\/index.php\/wp-json\/wp\/v2\/types\/page"}],"author":[{"embeddable":true,"href":"https:\/\/blopol.com\/index.php\/wp-json\/wp\/v2\/users\/1"}],"replies":[{"embeddable":true,"href":"https:\/\/blopol.com\/index.php\/wp-json\/wp\/v2\/comments?post=22"}],"version-history":[{"count":21,"href":"https:\/\/blopol.com\/index.php\/wp-json\/wp\/v2\/pages\/22\/revisions"}],"predecessor-version":[{"id":367,"href":"https:\/\/blopol.com\/index.php\/wp-json\/wp\/v2\/pages\/22\/revisions\/367"}],"wp:attachment":[{"href":"https:\/\/blopol.com\/index.php\/wp-json\/wp\/v2\/media?parent=22"}],"curies":[{"name":"wp","href":"https:\/\/api.w.org\/{rel}","templated":true}]}}