{"id":17,"date":"2024-10-30T16:14:16","date_gmt":"2024-10-30T15:14:16","guid":{"rendered":"http:\/\/localhost\/wordpress\/?page_id=17"},"modified":"2024-11-18T21:16:33","modified_gmt":"2024-11-18T20:16:33","slug":"o-nas","status":"publish","type":"page","link":"https:\/\/blopol.com\/index.php\/o-nas\/","title":{"rendered":"O Nas"},"content":{"rendered":"\t\t<div data-elementor-type=\"wp-page\" data-elementor-id=\"17\" class=\"elementor elementor-17\">\n\t\t\t\t<div class=\"elementor-element elementor-element-555bb3d7 e-flex e-con-boxed e-con e-parent\" data-id=\"555bb3d7\" data-element_type=\"container\">\n\t\t\t\t\t<div class=\"e-con-inner\">\n\t\t\t\t<div class=\"elementor-element elementor-element-ebad2f6 e-transform elementor-widget elementor-widget-text-editor\" data-id=\"ebad2f6\" data-element_type=\"widget\" data-settings=\"{&quot;_transform_scale_effect_mobile&quot;:{&quot;unit&quot;:&quot;px&quot;,&quot;size&quot;:1,&quot;sizes&quot;:[]},&quot;_transform_scale_effect&quot;:{&quot;unit&quot;:&quot;px&quot;,&quot;size&quot;:&quot;&quot;,&quot;sizes&quot;:[]},&quot;_transform_scale_effect_tablet&quot;:{&quot;unit&quot;:&quot;px&quot;,&quot;size&quot;:&quot;&quot;,&quot;sizes&quot;:[]}}\" data-widget_type=\"text-editor.default\">\n\t\t\t\t<div class=\"elementor-widget-container\">\n\t\t\t\t\t\t\t\t\t<section id=\"o-nas\"><p>Firma Blopol to wi\u0119cej ni\u017c tylko przedsi\u0119biorstwo transportowe \u2013 to zaufany partner w zakresie logistyki i spedycji, z szerok\u0105 wiedz\u0105 i do\u015bwiadczeniem na rynku krajowym oraz mi\u0119dzynarodowym. Dzia\u0142amy z pasj\u0105 i zaanga\u017cowaniem, dostarczaj\u0105c naszym klientom pe\u0142ne wsparcie na ka\u017cdym etapie realizacji zam\u00f3wienia. Nasz priorytet to nie tylko szybka i bezpieczna dostawa, ale tak\u017ce budowanie d\u0142ugofalowych relacji z naszymi partnerami biznesowymi.<\/p><p>Jeste\u015bmy firm\u0105 z wieloletnim do\u015bwiadczeniem w bran\u017cy transportu i spedycji. Naszym celem jest dostarczanie najwy\u017cszej jako\u015bci us\u0142ug, kt\u00f3re spe\u0142niaj\u0105 oczekiwania naszych klient\u00f3w. Nasza misja to zapewnienie szybkiego, bezpiecznego i efektywnego transportu towar\u00f3w w kraju i za granic\u0105.<\/p><h2>Nasz Zesp\u00f3\u0142<\/h2><p>Nasz zesp\u00f3\u0142 sk\u0142ada si\u0119 z wykwalifikowanych specjalist\u00f3w, kt\u00f3rzy z pasj\u0105 podchodz\u0105 do ka\u017cdego zlecenia. Dzi\u0119ki ich do\u015bwiadczeniu i zaanga\u017cowaniu mo\u017cemy zagwarantowa\u0107, \u017ce ka\u017cdy etap transportu odbywa si\u0119 sprawnie i terminowo.<\/p><h2>Nasza Historia<\/h2><p>Nasza firma zosta\u0142a za\u0142o\u017cona z my\u015bl\u0105 o tworzeniu bezpiecznych i efektywnych rozwi\u0105za\u0144 transportowych dla klient\u00f3w indywidualnych i biznesowych. Na przestrzeni lat rozbudowali\u015bmy flot\u0119 i rozwijali\u015bmy si\u0119, aby m\u00f3c \u015bwiadczy\u0107 coraz bardziej specjalistyczne us\u0142ugi. Dzisiaj mo\u017cemy poszczyci\u0107 si\u0119 licznymi rekomendacjami i zadowolonymi klientami, kt\u00f3rzy stale korzystaj\u0105 z naszych us\u0142ug.<\/p><h2>Nasza Misja i Warto\u015bci<\/h2><p>Nasz\u0105 misj\u0105 jest dostarczanie niezawodnych rozwi\u0105za\u0144 transportowych, kt\u00f3re przewy\u017cszaj\u0105 oczekiwania klient\u00f3w. Warto\u015bci, kt\u00f3rymi si\u0119 kierujemy, to profesjonalizm, transparentno\u015b\u0107, uczciwo\u015b\u0107 oraz innowacyjno\u015b\u0107. Inwestujemy w nowe technologie, aby zapewnia\u0107 kompleksowe wsparcie logistyczne na najwy\u017cszym poziomie, jednocze\u015bnie dbaj\u0105c o \u015brodowisko naturalne i spo\u0142eczno\u015b\u0107, w kt\u00f3rej dzia\u0142amy.<\/p><h2>Zesp\u00f3\u0142 Ekspert\u00f3w<\/h2><p>Posiadamy zesp\u00f3\u0142 specjalist\u00f3w, kt\u00f3rzy posiadaj\u0105 szerok\u0105 wiedz\u0119 i do\u015bwiadczenie w zakresie transportu, logistyki i obs\u0142ugi klienta. Ka\u017cde zlecenie jest dla nas priorytetem, a nasi pracownicy dok\u0142adaj\u0105 wszelkich stara\u0144, aby przebiega\u0142o ono sprawnie i bezproblemowo. Dzi\u0119ki ich zaanga\u017cowaniu jeste\u015bmy w stanie zaoferowa\u0107 spersonalizowane podej\u015bcie do ka\u017cdego klienta i doradztwo na ka\u017cdym etapie realizacji zam\u00f3wienia.<\/p><h2>Dlaczego My?<\/h2><ul><li><strong>Do\u015bwiadczenie:<\/strong> Dzia\u0142amy w bran\u017cy od wielu lat.<\/li><li><strong>Profesjonalizm:<\/strong> Zesp\u00f3\u0142 wykwalifikowanych pracownik\u00f3w.<\/li><li><strong>Terminowo\u015b\u0107:<\/strong> Gwarantujemy dotrzymywanie ustalonych termin\u00f3w.<\/li><li><strong>Bezpiecze\u0144stwo:<\/strong> Dbamy o bezpiecze\u0144stwo Twoich towar\u00f3w.<\/li><\/ul><\/section>\t\t\t\t\t\t\t\t<\/div>\n\t\t\t\t<\/div>\n\t\t\t\t<div class=\"elementor-element elementor-element-03fb559 elementor-widget-divider--view-line elementor-widget elementor-widget-divider\" data-id=\"03fb559\" data-element_type=\"widget\" data-widget_type=\"divider.default\">\n\t\t\t\t<div class=\"elementor-widget-container\">\n\t\t\t\t\t\t\t<div class=\"elementor-divider\">\n\t\t\t<span class=\"elementor-divider-separator\">\n\t\t\t\t\t\t<\/span>\n\t\t<\/div>\n\t\t\t\t\t\t<\/div>\n\t\t\t\t<\/div>\n\t\t\t\t<div class=\"elementor-element elementor-element-6629d57 elementor-widget elementor-widget-image\" data-id=\"6629d57\" data-element_type=\"widget\" data-widget_type=\"image.default\">\n\t\t\t\t<div class=\"elementor-widget-container\">\n\t\t\t\t\t\t\t\t\t\t\t\t\t\t\t<img fetchpriority=\"high\" decoding=\"async\" width=\"1024\" height=\"682\" src=\"https:\/\/blopol.com\/wp-content\/uploads\/2024\/11\/csm_-dsc2533_78a9292b05-1024x682.png\" class=\"attachment-large size-large wp-image-305\" alt=\"\" srcset=\"https:\/\/blopol.com\/wp-content\/uploads\/2024\/11\/csm_-dsc2533_78a9292b05-1024x682.png 1024w, https:\/\/blopol.com\/wp-content\/uploads\/2024\/11\/csm_-dsc2533_78a9292b05-300x200.png 300w, https:\/\/blopol.com\/wp-content\/uploads\/2024\/11\/csm_-dsc2533_78a9292b05-768x512.png 768w, https:\/\/blopol.com\/wp-content\/uploads\/2024\/11\/csm_-dsc2533_78a9292b05.png 1118w\" sizes=\"(max-width: 1024px) 100vw, 1024px\" \/>\t\t\t\t\t\t\t\t\t\t\t\t\t\t\t<\/div>\n\t\t\t\t<\/div>\n\t\t\t\t\t<\/div>\n\t\t\t\t<\/div>\n\t\t\t\t<\/div>\n\t\t","protected":false},"excerpt":{"rendered":"<p>Firma Blopol to wi\u0119cej ni\u017c tylko przedsi\u0119biorstwo transportowe \u2013 to zaufany partner w zakresie logistyki i spedycji, z szerok\u0105 wiedz\u0105 i do\u015bwiadczeniem na rynku krajowym oraz mi\u0119dzynarodowym. Dzia\u0142amy z pasj\u0105 i zaanga\u017cowaniem, dostarczaj\u0105c naszym klientom pe\u0142ne wsparcie na ka\u017cdym etapie realizacji zam\u00f3wienia. Nasz priorytet to nie tylko szybka i bezpieczna dostawa, ale tak\u017ce budowanie d\u0142ugofalowych&hellip; <br \/> <a class=\"read-more\" href=\"https:\/\/blopol.com\/index.php\/o-nas\/\">Dowiedz si\u0119 wi\u0119cej<\/a><\/p>\n","protected":false},"author":1,"featured_media":0,"parent":0,"menu_order":2,"comment_status":"closed","ping_status":"closed","template":"","meta":{"footnotes":""},"class_list":["post-17","page","type-page","status-publish","hentry"],"_links":{"self":[{"href":"https:\/\/blopol.com\/index.php\/wp-json\/wp\/v2\/pages\/17","targetHints":{"allow":["GET"]}}],"collection":[{"href":"https:\/\/blopol.com\/index.php\/wp-json\/wp\/v2\/pages"}],"about":[{"href":"https:\/\/blopol.com\/index.php\/wp-json\/wp\/v2\/types\/page"}],"author":[{"embeddable":true,"href":"https:\/\/blopol.com\/index.php\/wp-json\/wp\/v2\/users\/1"}],"replies":[{"embeddable":true,"href":"https:\/\/blopol.com\/index.php\/wp-json\/wp\/v2\/comments?post=17"}],"version-history":[{"count":21,"href":"https:\/\/blopol.com\/index.php\/wp-json\/wp\/v2\/pages\/17\/revisions"}],"predecessor-version":[{"id":364,"href":"https:\/\/blopol.com\/index.php\/wp-json\/wp\/v2\/pages\/17\/revisions\/364"}],"wp:attachment":[{"href":"https:\/\/blopol.com\/index.php\/wp-json\/wp\/v2\/media?parent=17"}],"curies":[{"name":"wp","href":"https:\/\/api.w.org\/{rel}","templated":true}]}}